{"id":1251,"date":"2024-03-15T12:01:01","date_gmt":"2024-03-15T11:01:01","guid":{"rendered":"https:\/\/helios-france.com\/?page_id=1251"},"modified":"2024-03-16T10:20:00","modified_gmt":"2024-03-16T09:20:00","slug":"installateur","status":"publish","type":"page","link":"https:\/\/helios-france.com\/index.php\/installateur\/","title":{"rendered":"Installateur"},"content":{"rendered":"\t\t<div data-elementor-type=\"wp-page\" data-elementor-id=\"1251\" class=\"elementor elementor-1251\" data-elementor-post-type=\"page\">\n\t\t\t\t\t\t\t<div class=\"elementor-element elementor-element-7415f05 e-flex e-con-boxed e-con e-parent\" data-id=\"7415f05\" data-element_type=\"container\" data-settings=\"{&quot;background_background&quot;:&quot;classic&quot;,&quot;content_width&quot;:&quot;boxed&quot;}\" data-core-v316-plus=\"true\">\n\t\t\t\t\t<div class=\"e-con-inner\">\n\t\t\t\t<div class=\"elementor-element elementor-element-b4530e5 elementor-widget-tablet__width-inherit elementor-widget elementor-widget-heading\" data-id=\"b4530e5\" data-element_type=\"widget\" data-widget_type=\"heading.default\">\n\t\t\t\t<div class=\"elementor-widget-container\">\n\t\t\t<style>\/*! elementor - v3.18.0 - 20-12-2023 *\/\n.elementor-heading-title{padding:0;margin:0;line-height:1}.elementor-widget-heading .elementor-heading-title[class*=elementor-size-]>a{color:inherit;font-size:inherit;line-height:inherit}.elementor-widget-heading .elementor-heading-title.elementor-size-small{font-size:15px}.elementor-widget-heading .elementor-heading-title.elementor-size-medium{font-size:19px}.elementor-widget-heading .elementor-heading-title.elementor-size-large{font-size:29px}.elementor-widget-heading .elementor-heading-title.elementor-size-xl{font-size:39px}.elementor-widget-heading .elementor-heading-title.elementor-size-xxl{font-size:59px}<\/style><h2 class=\"elementor-heading-title elementor-size-default\">Installateur<\/h2>\t\t<\/div>\n\t\t\t\t<\/div>\n\t\t\t\t<div class=\"elementor-element elementor-element-47e3023 elementor-widget elementor-widget-heading\" data-id=\"47e3023\" data-element_type=\"widget\" data-widget_type=\"heading.default\">\n\t\t\t\t<div class=\"elementor-widget-container\">\n\t\t\t<h2 class=\"elementor-heading-title elementor-size-default\">PINTEA Alain, Auto-Entrepreneur<\/h2>\t\t<\/div>\n\t\t\t\t<\/div>\n\t\t\t\t<div class=\"elementor-element elementor-element-028cc66 elementor-widget-tablet__width-inherit elementor-widget elementor-widget-heading\" data-id=\"028cc66\" data-element_type=\"widget\" data-widget_type=\"heading.default\">\n\t\t\t\t<div class=\"elementor-widget-container\">\n\t\t\t<h2 class=\"elementor-heading-title elementor-size-default\">Tel : 07 77 28 08 37<\/h2>\t\t<\/div>\n\t\t\t\t<\/div>\n\t\t\t\t\t<\/div>\n\t\t\t\t<\/div>\n\t\t\t\t\t\t\t<\/div>\n\t\t","protected":false},"excerpt":{"rendered":"<p>Installateur PINTEA Alain, Auto-Entrepreneur Tel : 07 77 28 08 37<\/p>\n","protected":false},"author":1,"featured_media":0,"parent":0,"menu_order":0,"comment_status":"closed","ping_status":"closed","template":"page-templates\/template-pagebuilder-full-width.php","meta":{"neve_meta_sidebar":"","neve_meta_container":"","neve_meta_enable_content_width":"","neve_meta_content_width":0,"neve_meta_title_alignment":"","neve_meta_author_avatar":"","neve_post_elements_order":"","neve_meta_disable_header":"","neve_meta_disable_footer":"","neve_meta_disable_title":"","footnotes":""},"class_list":["post-1251","page","type-page","status-publish","hentry"],"yoast_head":"<!-- This site is optimized with the Yoast SEO plugin v21.7 - https:\/\/yoast.com\/wordpress\/plugins\/seo\/ -->\n<title>Installateur - HELIOS Portes &amp; Fen\u00eatres<\/title>\n<meta name=\"robots\" content=\"index, follow, max-snippet:-1, max-image-preview:large, max-video-preview:-1\" \/>\n<link rel=\"canonical\" href=\"https:\/\/helios-france.com\/index.php\/installateur\/\" \/>\n<meta property=\"og:locale\" content=\"fr_FR\" \/>\n<meta property=\"og:type\" content=\"article\" \/>\n<meta property=\"og:title\" content=\"Installateur - HELIOS Portes &amp; Fen\u00eatres\" \/>\n<meta property=\"og:description\" content=\"Installateur PINTEA Alain, Auto-Entrepreneur Tel : 07 77 28 08 37\" \/>\n<meta property=\"og:url\" content=\"https:\/\/helios-france.com\/index.php\/installateur\/\" \/>\n<meta property=\"og:site_name\" content=\"HELIOS Portes &amp; Fen\u00eatres\" \/>\n<meta property=\"article:modified_time\" content=\"2024-03-16T09:20:00+00:00\" \/>\n<meta name=\"twitter:card\" content=\"summary_large_image\" \/>\n<meta name=\"twitter:label1\" content=\"Dur\u00e9e de lecture estim\u00e9e\" \/>\n\t<meta name=\"twitter:data1\" content=\"1 minute\" \/>\n<script type=\"application\/ld+json\" class=\"yoast-schema-graph\">{\"@context\":\"https:\/\/schema.org\",\"@graph\":[{\"@type\":\"WebPage\",\"@id\":\"https:\/\/helios-france.com\/index.php\/installateur\/\",\"url\":\"https:\/\/helios-france.com\/index.php\/installateur\/\",\"name\":\"Installateur - HELIOS Portes &amp; Fen\u00eatres\",\"isPartOf\":{\"@id\":\"https:\/\/helios-france.com\/#website\"},\"datePublished\":\"2024-03-15T11:01:01+00:00\",\"dateModified\":\"2024-03-16T09:20:00+00:00\",\"breadcrumb\":{\"@id\":\"https:\/\/helios-france.com\/index.php\/installateur\/#breadcrumb\"},\"inLanguage\":\"fr-FR\",\"potentialAction\":[{\"@type\":\"ReadAction\",\"target\":[\"https:\/\/helios-france.com\/index.php\/installateur\/\"]}]},{\"@type\":\"BreadcrumbList\",\"@id\":\"https:\/\/helios-france.com\/index.php\/installateur\/#breadcrumb\",\"itemListElement\":[{\"@type\":\"ListItem\",\"position\":1,\"name\":\"Accueil\",\"item\":\"https:\/\/helios-france.com\/\"},{\"@type\":\"ListItem\",\"position\":2,\"name\":\"Installateur\"}]},{\"@type\":\"WebSite\",\"@id\":\"https:\/\/helios-france.com\/#website\",\"url\":\"https:\/\/helios-france.com\/\",\"name\":\"HELIOS Portes &amp; Fen\u00eatres\",\"description\":\"\",\"potentialAction\":[{\"@type\":\"SearchAction\",\"target\":{\"@type\":\"EntryPoint\",\"urlTemplate\":\"https:\/\/helios-france.com\/?s={search_term_string}\"},\"query-input\":\"required name=search_term_string\"}],\"inLanguage\":\"fr-FR\"}]}<\/script>\n<!-- \/ Yoast SEO plugin. -->","yoast_head_json":{"title":"Installateur - HELIOS Portes &amp; Fen\u00eatres","robots":{"index":"index","follow":"follow","max-snippet":"max-snippet:-1","max-image-preview":"max-image-preview:large","max-video-preview":"max-video-preview:-1"},"canonical":"https:\/\/helios-france.com\/index.php\/installateur\/","og_locale":"fr_FR","og_type":"article","og_title":"Installateur - HELIOS Portes &amp; Fen\u00eatres","og_description":"Installateur PINTEA Alain, Auto-Entrepreneur Tel : 07 77 28 08 37","og_url":"https:\/\/helios-france.com\/index.php\/installateur\/","og_site_name":"HELIOS Portes &amp; Fen\u00eatres","article_modified_time":"2024-03-16T09:20:00+00:00","twitter_card":"summary_large_image","twitter_misc":{"Dur\u00e9e de lecture estim\u00e9e":"1 minute"},"schema":{"@context":"https:\/\/schema.org","@graph":[{"@type":"WebPage","@id":"https:\/\/helios-france.com\/index.php\/installateur\/","url":"https:\/\/helios-france.com\/index.php\/installateur\/","name":"Installateur - HELIOS Portes &amp; Fen\u00eatres","isPartOf":{"@id":"https:\/\/helios-france.com\/#website"},"datePublished":"2024-03-15T11:01:01+00:00","dateModified":"2024-03-16T09:20:00+00:00","breadcrumb":{"@id":"https:\/\/helios-france.com\/index.php\/installateur\/#breadcrumb"},"inLanguage":"fr-FR","potentialAction":[{"@type":"ReadAction","target":["https:\/\/helios-france.com\/index.php\/installateur\/"]}]},{"@type":"BreadcrumbList","@id":"https:\/\/helios-france.com\/index.php\/installateur\/#breadcrumb","itemListElement":[{"@type":"ListItem","position":1,"name":"Accueil","item":"https:\/\/helios-france.com\/"},{"@type":"ListItem","position":2,"name":"Installateur"}]},{"@type":"WebSite","@id":"https:\/\/helios-france.com\/#website","url":"https:\/\/helios-france.com\/","name":"HELIOS Portes &amp; Fen\u00eatres","description":"","potentialAction":[{"@type":"SearchAction","target":{"@type":"EntryPoint","urlTemplate":"https:\/\/helios-france.com\/?s={search_term_string}"},"query-input":"required name=search_term_string"}],"inLanguage":"fr-FR"}]}},"_links":{"self":[{"href":"https:\/\/helios-france.com\/index.php\/wp-json\/wp\/v2\/pages\/1251","targetHints":{"allow":["GET"]}}],"collection":[{"href":"https:\/\/helios-france.com\/index.php\/wp-json\/wp\/v2\/pages"}],"about":[{"href":"https:\/\/helios-france.com\/index.php\/wp-json\/wp\/v2\/types\/page"}],"author":[{"embeddable":true,"href":"https:\/\/helios-france.com\/index.php\/wp-json\/wp\/v2\/users\/1"}],"replies":[{"embeddable":true,"href":"https:\/\/helios-france.com\/index.php\/wp-json\/wp\/v2\/comments?post=1251"}],"version-history":[{"count":10,"href":"https:\/\/helios-france.com\/index.php\/wp-json\/wp\/v2\/pages\/1251\/revisions"}],"predecessor-version":[{"id":1334,"href":"https:\/\/helios-france.com\/index.php\/wp-json\/wp\/v2\/pages\/1251\/revisions\/1334"}],"wp:attachment":[{"href":"https:\/\/helios-france.com\/index.php\/wp-json\/wp\/v2\/media?parent=1251"}],"curies":[{"name":"wp","href":"https:\/\/api.w.org\/{rel}","templated":true}]}}